{"id":14504,"date":"2015-04-16T11:46:21","date_gmt":"2015-04-16T10:46:21","guid":{"rendered":"http:\/\/www.neruaguggenheimbilbao.com\/?page_id=14504&#038;lang=fr"},"modified":"2026-04-08T22:46:44","modified_gmt":"2026-04-08T21:46:44","slug":"menu","status":"publish","type":"page","link":"https:\/\/www.neruaguggenheimbilbao.com\/fr\/menu\/","title":{"rendered":"Menu"},"content":{"rendered":"<p><div class=\"fusion-fullwidth fullwidth-box fusion-builder-row-1 nonhundred-percent-fullwidth non-hundred-percent-height-scrolling\" style=\"--awb-background-position:left top;--awb-border-sizes-top:0px;--awb-border-sizes-bottom:0px;--awb-border-sizes-left:0px;--awb-border-sizes-right:0px;--awb-border-radius-top-left:0px;--awb-border-radius-top-right:0px;--awb-border-radius-bottom-right:0px;--awb-border-radius-bottom-left:0px;--awb-padding-right:0px;--awb-padding-bottom:40px;--awb-padding-left:0px;--awb-flex-wrap:wrap;\" ><div class=\"fusion-builder-row fusion-row\"><div class=\"fusion-layout-column fusion_builder_column fusion-builder-column-0 fusion_builder_column_1_1 1_1 fusion-one-full fusion-column-first fusion-column-last fusion-column-no-min-height\" style=\"--awb-bg-blend:overlay;--awb-bg-size:cover;--awb-margin-top:0px;--awb-margin-bottom:0px;\"><div class=\"fusion-column-wrapper fusion-flex-column-wrapper-legacy\"><div class=\"fusion-text fusion-text-1\"><p style=\"text-align: center;\"><span style=\"font-size: 14pt;\"><a href=\"#lmenu\">MENU<\/a> | <a href=\"#muina\">MUINA<\/a><\/span><\/p>\n<\/div><div class=\"fusion-clearfix\"><\/div><\/div><\/div><div class=\"fusion-layout-column fusion_builder_column fusion-builder-column-1 fusion_builder_column_1_1 1_1 fusion-one-full fusion-column-first fusion-column-last\" style=\"--awb-bg-blend:overlay;--awb-bg-size:cover;\"><div class=\"fusion-column-wrapper fusion-flex-column-wrapper-legacy\"><div class=\"fusion-text fusion-text-2\" style=\"--awb-content-alignment:center;--awb-margin-right:20px;--awb-margin-left:20px;\"><p style=\"text-align: center;\">Chaque ann\u00e9e, nous r\u00e9alisons trois changements de carte : printemps, \u00e9t\u00e9 et automne-hiver. Nous travaillons en collaboration avec des producteurs locaux pour garantir le maximum de fra\u00eecheur et la meilleure qualit\u00e9 des produits.<\/p>\n<\/div><div class=\"fusion-clearfix\"><\/div><\/div><\/div><div class=\"fusion-layout-column fusion_builder_column fusion-builder-column-2 fusion_builder_column_1_2 1_2 fusion-one-half fusion-column-first\" style=\"--awb-padding-left:194px;--awb-bg-size:cover;--awb-margin-top:0px;--awb-margin-bottom:0px;width:50%;width:calc(50% - ( ( 4% ) * 0.5 ) );margin-right: 4%;\"><div class=\"fusion-column-wrapper fusion-column-has-shadow fusion-flex-column-wrapper-legacy\"><div class=\"fusion-image-element in-legacy-container\" style=\"--awb-max-width:150px;--awb-caption-title-font-family:var(--h2_typography-font-family);--awb-caption-title-font-weight:var(--h2_typography-font-weight);--awb-caption-title-font-style:var(--h2_typography-font-style);--awb-caption-title-size:var(--h2_typography-font-size);--awb-caption-title-transform:var(--h2_typography-text-transform);--awb-caption-title-line-height:var(--h2_typography-line-height);--awb-caption-title-letter-spacing:var(--h2_typography-letter-spacing);\"><span class=\" fusion-imageframe imageframe-none imageframe-1 hover-type-none\"><img decoding=\"async\" width=\"300\" height=\"199\" title=\"michelin-2026-\" src=\"https:\/\/www.neruaguggenheimbilbao.com\/wp-content\/uploads\/2026\/01\/michelin-2026-.png\" alt class=\"img-responsive wp-image-22870\" srcset=\"https:\/\/www.neruaguggenheimbilbao.com\/wp-content\/uploads\/2026\/01\/michelin-2026--200x133.png 200w, https:\/\/www.neruaguggenheimbilbao.com\/wp-content\/uploads\/2026\/01\/michelin-2026-.png 300w\" sizes=\"(max-width: 800px) 100vw, 300px\" \/><\/span><\/div><div class=\"fusion-clearfix\"><\/div><\/div><\/div><div class=\"fusion-layout-column fusion_builder_column fusion-builder-column-3 fusion_builder_column_1_2 1_2 fusion-one-half fusion-column-last\" style=\"--awb-padding-left:204px;--awb-bg-size:cover;--awb-margin-top:0px;--awb-margin-bottom:0px;width:50%;width:calc(50% - ( ( 4% ) * 0.5 ) );\"><div class=\"fusion-column-wrapper fusion-column-has-shadow fusion-flex-column-wrapper-legacy\"><div class=\"fusion-image-element in-legacy-container\" style=\"--awb-caption-title-font-family:var(--h2_typography-font-family);--awb-caption-title-font-weight:var(--h2_typography-font-weight);--awb-caption-title-font-style:var(--h2_typography-font-style);--awb-caption-title-size:var(--h2_typography-font-size);--awb-caption-title-transform:var(--h2_typography-text-transform);--awb-caption-title-line-height:var(--h2_typography-line-height);--awb-caption-title-letter-spacing:var(--h2_typography-letter-spacing);\"><span class=\" fusion-imageframe imageframe-none imageframe-2 hover-type-none\"><img decoding=\"async\" width=\"300\" height=\"95\" title=\"nerua-repsol-margen-transparent\" src=\"https:\/\/www.neruaguggenheimbilbao.com\/wp-content\/uploads\/2026\/03\/nerua-repsol-margen-transparent.png\" alt class=\"img-responsive wp-image-22921\" srcset=\"https:\/\/www.neruaguggenheimbilbao.com\/wp-content\/uploads\/2026\/03\/nerua-repsol-margen-transparent-200x63.png 200w, https:\/\/www.neruaguggenheimbilbao.com\/wp-content\/uploads\/2026\/03\/nerua-repsol-margen-transparent.png 300w\" sizes=\"(max-width: 800px) 100vw, 300px\" \/><\/span><\/div><div class=\"fusion-clearfix\"><\/div><\/div><\/div><div class=\"fusion-layout-column fusion_builder_column fusion-builder-column-4 fusion_builder_column_1_1 1_1 fusion-one-full fusion-column-first fusion-column-last\" style=\"--awb-bg-size:cover;\"><div class=\"fusion-column-wrapper fusion-column-has-shadow fusion-flex-column-wrapper-legacy\"><div class=\"fusion-menu-anchor\" id=\"lmenu\"><\/div><div class=\"fusion-clearfix\"><\/div><\/div><\/div><\/div><\/div><div class=\"fusion-fullwidth fullwidth-box fusion-builder-row-2 fusion-parallax-fixed nonhundred-percent-fullwidth non-hundred-percent-height-scrolling\" style=\"--awb-background-position:left top;--awb-border-sizes-top:0px;--awb-border-sizes-bottom:0px;--awb-border-sizes-left:0px;--awb-border-sizes-right:0px;--awb-border-radius-top-left:0px;--awb-border-radius-top-right:0px;--awb-border-radius-bottom-right:0px;--awb-border-radius-bottom-left:0px;--awb-padding-top:100px;--awb-padding-right:0px;--awb-padding-bottom:100px;--awb-padding-left:0px;--awb-background-image:url(&quot;https:\/\/www.neruaguggenheimbilbao.com\/wp-content\/uploads\/2024\/03\/B_35376-scaled.jpg&quot;);--awb-background-size:cover;--awb-flex-wrap:wrap;background-attachment:fixed;\" ><div class=\"fusion-builder-row fusion-row\"><div class=\"fusion-layout-column fusion_builder_column fusion-builder-column-5 fusion_builder_column_1_1 1_1 fusion-one-full fusion-column-first fusion-column-last fusion-column-no-min-height\" style=\"--awb-bg-blend:overlay;--awb-bg-size:cover;--awb-margin-top:0px;--awb-margin-bottom:0px;\"><div class=\"fusion-column-wrapper fusion-flex-column-wrapper-legacy\"><div class=\"fusion-text fusion-text-3\"><h1 style=\"text-align: center;\"><span style=\"color: #ffffff;\">MENU<br \/>\n<\/span><\/h1>\n<\/div><div class=\"fusion-clearfix\"><\/div><\/div><\/div><\/div><\/div><div class=\"fusion-fullwidth fullwidth-box fusion-builder-row-3 nonhundred-percent-fullwidth non-hundred-percent-height-scrolling\" style=\"--awb-background-position:left top;--awb-border-sizes-top:0px;--awb-border-sizes-bottom:0px;--awb-border-sizes-left:0px;--awb-border-sizes-right:0px;--awb-border-radius-top-left:0px;--awb-border-radius-top-right:0px;--awb-border-radius-bottom-right:0px;--awb-border-radius-bottom-left:0px;--awb-padding-top:20px;--awb-padding-right:0px;--awb-padding-bottom:20px;--awb-padding-left:0px;--awb-flex-wrap:wrap;\" ><div class=\"fusion-builder-row fusion-row\"><div class=\"fusion-layout-column fusion_builder_column fusion-builder-column-6 fusion_builder_column_1_1 1_1 fusion-one-full fusion-column-first fusion-column-last\" style=\"--awb-padding-right:20px;--awb-padding-left:20px;--awb-bg-blend:overlay;--awb-bg-size:cover;\" data-scroll-devices=\"small-visibility,medium-visibility,large-visibility\"><div class=\"fusion-column-wrapper fusion-column-has-shadow fusion-flex-column-wrapper-legacy\"><div class=\"fusion-text fusion-text-4\" style=\"--awb-content-alignment:center;--awb-text-transform:none;\"><p style=\"text-align: center;\"><strong>POIS LARMES<\/strong> | bette et oursin 25,00 \u20ac \/ 42,00 \u20ac<\/p>\n<p style=\"text-align: center;\"><strong>MOCHI<\/strong> | g\u00e2teau de kabratxo 16,00 \u20ac (unit\u00e9)<\/p>\n<p style=\"text-align: center;\"><strong>ASPARGES BLANCHES ET VERTES<\/strong> | amande et caviar 36,00 \u20ac<\/p>\n<p style=\"text-align: center;\"><strong>TXANGURRO<\/strong> | version Saint-S\u00e9bastien 30,00 \u20ac<\/p>\n<p style=\"text-align: center;\"><strong><em>\u00c0 partager\u2026<\/em> CREVETTES<\/strong> | \u00e0 l\u2019ail avec \u0153uf au plat 32,00 \u20ac<\/p>\n<p style=\"text-align: center;\"><strong><em>\u00c0 partager\u2026<\/em> OMELETTE<\/strong> | de homard 38,00 \u20ac<\/p>\n<p style=\"text-align: center;\">&#8212;&#8212;&#8212;&#8212;&#8212;&#8212;&#8212;&#8212;&#8212;&#8212;&#8212;&#8212;&#8212;&#8212;&#8212;&#8212;&#8212;&#8212;&#8212;&#8212;&#8212;&#8212;&#8212;&#8212;&#8212;&#8212;&#8212;&#8212;&#8212;&#8212;&#8212;-<\/p>\n<p style=\"text-align: center;\"><strong>MERLU ENROB\u00c9<\/strong> | sauce noire et pil-pil de poivron vert 38,00 \u20ac<\/p>\n<p style=\"text-align: center;\"><strong>MORUE<\/strong> | \u00e0 la Busturienne 42,00 \u20ac<\/p>\n<p style=\"text-align: center;\"><strong>AGNEAU DE LAIT<\/strong> | jus de poivrons r\u00f4tis 42,00 \u20ac<\/p>\n<p style=\"text-align: center;\"><strong>TRIPES ET GROIN<\/strong> | sauce basquaise 25,00 \u20ac \/ 36,00 \u20ac<\/p>\n<p style=\"text-align: center;\">&#8212;&#8212;&#8212;&#8212;&#8212;&#8212;&#8212;&#8212;&#8212;&#8212;&#8212;&#8212;&#8212;&#8212;&#8212;&#8212;&#8212;&#8212;&#8212;&#8212;&#8212;&#8212;&#8212;&#8212;&#8212;&#8212;&#8212;&#8212;&#8212;&#8212;&#8212;-<\/p>\n<p style=\"text-align: center;\"><strong>FRAISES<\/strong> | cr\u00e8me de citron, glace \u00e0 la fraise et violettes 12,00 \u20ac<\/p>\n<p style=\"text-align: center;\"><strong>G\u00c2TEAU AU CHOCOLAT<\/strong> | bi\u00e8re glac\u00e9e et framboise 12,00 \u20ac<\/p>\n<p style=\"text-align: center;\">Pain de bl\u00e9 artisanal et huile d\u2019olive\u00a0 3 \u20ac par personne<br \/>\n<em>*10 % TVA inclus<br \/>\n*Consultez notre carte d\u2019allerg\u00e8nes<br \/>\n<\/em><\/p>\n<\/div><div class=\"fusion-menu-anchor\" id=\"muina\"><\/div><div class=\"fusion-clearfix\"><\/div><\/div><\/div><\/div><\/div><div class=\"fusion-fullwidth fullwidth-box fusion-builder-row-4 fusion-parallax-fixed nonhundred-percent-fullwidth non-hundred-percent-height-scrolling\" style=\"--awb-background-position:left top;--awb-border-sizes-top:0px;--awb-border-sizes-bottom:0px;--awb-border-sizes-left:0px;--awb-border-sizes-right:0px;--awb-border-radius-top-left:0px;--awb-border-radius-top-right:0px;--awb-border-radius-bottom-right:0px;--awb-border-radius-bottom-left:0px;--awb-padding-top:100px;--awb-padding-right:0px;--awb-padding-bottom:100px;--awb-padding-left:0px;--awb-background-image:url(&quot;https:\/\/www.neruaguggenheimbilbao.com\/wp-content\/uploads\/2024\/03\/B_35533-scaled.jpg&quot;);--awb-background-size:cover;--awb-flex-wrap:wrap;background-attachment:fixed;\" ><div class=\"fusion-builder-row fusion-row\"><div class=\"fusion-layout-column fusion_builder_column fusion-builder-column-7 fusion_builder_column_1_1 1_1 fusion-one-full fusion-column-first fusion-column-last fusion-column-no-min-height\" style=\"--awb-bg-blend:overlay;--awb-bg-size:cover;--awb-margin-top:0px;--awb-margin-bottom:0px;\"><div class=\"fusion-column-wrapper fusion-flex-column-wrapper-legacy\"><div class=\"fusion-text fusion-text-5\"><h1 style=\"text-align: center;\"><span style=\"color: #ffffff;\">MUINA<\/span><\/h1>\n<\/div><div class=\"fusion-clearfix\"><\/div><\/div><\/div><\/div><\/div><div class=\"fusion-fullwidth fullwidth-box fusion-builder-row-5 nonhundred-percent-fullwidth non-hundred-percent-height-scrolling\" style=\"--awb-background-position:left top;--awb-border-sizes-top:0px;--awb-border-sizes-bottom:0px;--awb-border-sizes-left:0px;--awb-border-sizes-right:0px;--awb-border-radius-top-left:0px;--awb-border-radius-top-right:0px;--awb-border-radius-bottom-right:0px;--awb-border-radius-bottom-left:0px;--awb-padding-top:20px;--awb-padding-right:0px;--awb-padding-bottom:20px;--awb-padding-left:0px;--awb-flex-wrap:wrap;\" ><div class=\"fusion-builder-row fusion-row\"><div class=\"fusion-layout-column fusion_builder_column fusion-builder-column-8 fusion_builder_column_1_1 1_1 fusion-one-full fusion-column-first fusion-column-last\" style=\"--awb-padding-right:20px;--awb-padding-left:20px;--awb-bg-blend:overlay;--awb-bg-size:cover;\" data-scroll-devices=\"small-visibility,medium-visibility,large-visibility\"><div class=\"fusion-column-wrapper fusion-column-has-shadow fusion-flex-column-wrapper-legacy\"><div class=\"fusion-text fusion-text-6\" style=\"--awb-content-alignment:center;--awb-text-transform:none;\"><p style=\"text-align: center;\"><em>\u00ab Muina \u00bb, l\u2019\u00e2me de notre cuisine. Terme basque qui signifie noyau, c\u0153ur, essence.<\/em><\/p>\n<p style=\"text-align: center;\"><strong>SALADE DE LAITUE<\/strong> | pomme de terre et oignon<\/p>\n<p style=\"text-align: center;\"><strong>G\u00c2TEAU D\u2019ASPERGE BLANCHE<\/strong> | crevette rouge et clou de girofle<\/p>\n<p style=\"text-align: center;\"><strong>ARTICHAUT<\/strong> | et petits calamars en sauce noire<\/p>\n<p style=\"text-align: center;\"><strong>ANCHOIS<\/strong> | tubetti et sauge<\/p>\n<p style=\"text-align: center;\"><strong>LANGUE D\u2019AGNEAU<\/strong> | pois chiches et curry<\/p>\n<p style=\"text-align: center;\"><strong>MERLU ENROB\u00c9<\/strong> | sauce noire et pil-pil de poivron vert<\/p>\n<p style=\"text-align: center;\"><strong>VENTR\u00c9E DE PORC LAQU\u00c9E<\/strong> | l\u00e9gumes marin\u00e9s, p\u00e2t\u00e9 de boudin et chou<\/p>\n<p style=\"text-align: center;\"><strong>FRAISES<\/strong> | cr\u00e8me de citron, glace \u00e0 la fraise et violettes<\/p>\n<p style=\"text-align: center;\"><span style=\"font-size: 14pt;\">110 \u20ac<\/span><\/p>\n<p style=\"text-align: center;\">Pain de bl\u00e9 artisanal et huile d\u2019olive 3 \u20ac par personne<\/p>\n<p style=\"text-align: center;\"><strong>Mariage de vins:<\/strong> 50 \u20ac<\/p>\n<p style=\"text-align: center;\"><strong>Mariage Sans Alcohol:<\/strong> 42 \u20ac<\/p>\n<p style=\"text-align: center;\"><em>*Menu servi pour la table enti\u00e8re<br \/>\n*10 % TVA inclus<\/em><br \/>\n<em>*Consultez notre carte d\u2019allerg\u00e8nes<\/em><\/p>\n<\/div><div class=\"fusion-menu-anchor\"><\/div><div class=\"fusion-clearfix\"><\/div><\/div><\/div><\/div><\/div><\/p>\n","protected":false},"excerpt":{"rendered":"","protected":false},"author":4,"featured_media":0,"parent":0,"menu_order":0,"comment_status":"open","ping_status":"closed","template":"100-width.php","meta":{"_acf_changed":false,"footnotes":""},"class_list":["post-14504","page","type-page","status-publish","hentry"],"acf":[],"_links":{"self":[{"href":"https:\/\/www.neruaguggenheimbilbao.com\/fr\/wp-json\/wp\/v2\/pages\/14504","targetHints":{"allow":["GET"]}}],"collection":[{"href":"https:\/\/www.neruaguggenheimbilbao.com\/fr\/wp-json\/wp\/v2\/pages"}],"about":[{"href":"https:\/\/www.neruaguggenheimbilbao.com\/fr\/wp-json\/wp\/v2\/types\/page"}],"author":[{"embeddable":true,"href":"https:\/\/www.neruaguggenheimbilbao.com\/fr\/wp-json\/wp\/v2\/users\/4"}],"replies":[{"embeddable":true,"href":"https:\/\/www.neruaguggenheimbilbao.com\/fr\/wp-json\/wp\/v2\/comments?post=14504"}],"version-history":[{"count":0,"href":"https:\/\/www.neruaguggenheimbilbao.com\/fr\/wp-json\/wp\/v2\/pages\/14504\/revisions"}],"wp:attachment":[{"href":"https:\/\/www.neruaguggenheimbilbao.com\/fr\/wp-json\/wp\/v2\/media?parent=14504"}],"curies":[{"name":"wp","href":"https:\/\/api.w.org\/{rel}","templated":true}]}}