{"id":14514,"date":"2015-04-16T11:50:04","date_gmt":"2015-04-16T10:50:04","guid":{"rendered":"http:\/\/www.neruaguggenheimbilbao.com\/?page_id=14514&#038;lang=fr"},"modified":"2026-02-02T13:43:14","modified_gmt":"2026-02-02T12:43:14","slug":"reservations","status":"publish","type":"page","link":"https:\/\/www.neruaguggenheimbilbao.com\/fr\/reservations\/","title":{"rendered":"R\u00e9servations"},"content":{"rendered":"<p><div class=\"fusion-fullwidth fullwidth-box fusion-builder-row-1 nonhundred-percent-fullwidth non-hundred-percent-height-scrolling\" style=\"--awb-background-position:left top;--awb-border-sizes-top:0px;--awb-border-sizes-bottom:0px;--awb-border-sizes-left:0px;--awb-border-sizes-right:0px;--awb-border-radius-top-left:0px;--awb-border-radius-top-right:0px;--awb-border-radius-bottom-right:0px;--awb-border-radius-bottom-left:0px;--awb-padding-right:30px;--awb-padding-left:30px;--awb-flex-wrap:wrap;\" ><div class=\"fusion-builder-row fusion-row\"><div class=\"fusion-layout-column fusion_builder_column fusion-builder-column-0 fusion_builder_column_1_3 1_3 fusion-one-third fusion-column-first\" style=\"--awb-bg-size:cover;width:30.6666%; margin-right: 4%;\"><div class=\"fusion-column-wrapper fusion-flex-column-wrapper-legacy\"><iframe title=\"Reservas\" src=\"https:\/\/www.covermanager.com\/reservation\/module_restaurant\/nerua\/french\"\r\n                                                                                           frameborder=\"0\" height=\"550\" width=\"100%\"><\/iframe>\r\n                                    <script type=\"text\/javascript\" src=\"https:\/\/www.covermanager.com\/js\/iframeResizer.min.js\"><\/script>\r\n                                        <script type=\"text\/javascript\">\r\n                                            iFrameResize();\r\n                                        <\/script>\r\n                                    <div class=\"fusion-clearfix\"><\/div><\/div><\/div><div class=\"fusion-layout-column fusion_builder_column fusion-builder-column-1 fusion_builder_column_1_3 1_3 fusion-one-third\" style=\"--awb-bg-size:cover;width:30.6666%; margin-right: 4%;\"><div class=\"fusion-column-wrapper fusion-column-has-shadow fusion-flex-column-wrapper-legacy\"><div class=\"fusion-text fusion-text-1\" style=\"--awb-text-transform:none;\"><p style=\"text-align: justify;\"><span style=\"font-family: 'Century Gothic BRegular'; font-size: 14pt;\">Informations de r\u00e9servations<\/span><\/p>\n<p style=\"text-align: justify;\">Pour tout renseignement concernant votre r\u00e9servation, merci d\u2019\u00e9crire \u00e0 <span style=\"color: #008080;\"><strong><a style=\"color: #008080;\" href=\"mailto:info@nerua.com\">info@nerua.com<\/a><\/strong><\/span>\u00a0ou d&rsquo;appeler par t\u00e9l\u00e9phone au +34 944 000 430.<\/p>\n<p style=\"text-align: justify;\">Nous adaptons nos menus pour les intol\u00e9rances et les allergies. Veuillez nous en informer lors de la r\u00e9servation.<\/p>\n<p>La <a href=\"https:\/\/www.neruaguggenheimbilbao.com\/fr\/table-cuisine\/\"><span style=\"color: #008080;\"><strong>Table de la Cuisine<\/strong><\/span><\/a> est un espace exclusif pour vivre Nerua de l\u2019int\u00e9rieur. On pourra y d\u00e9guster le <a href=\"https:\/\/www.neruaguggenheimbilbao.com\/wp-content\/uploads\/2024\/10\/nerua-menu-table-cuisine.pdf\" target=\"_blank\" rel=\"noopener\"><span style=\"color: #008080;\"><strong>Menu Table de la Cuisine<\/strong><\/span><\/a>, dont les plats peuvent varier selon la saison.<\/p>\n<p>Autres restaurants d&rsquo;<span style=\"color: #008080;\"><strong><a style=\"color: #008080;\" href=\"https:\/\/ixogrupo.com\/restaurantes\/?lang=fr\" target=\"_blank\" rel=\"noopener\">IXO Grupo<\/a><\/strong><\/span>.<\/p>\n<p><span style=\"color: #333333;\"><strong>IMPORTANT:<br \/>\n<\/strong><\/span>Nous vous rappelons que vous pouvez <span style=\"color: #008080;\"><strong><a style=\"color: #008080;\" href=\"https:\/\/www.neruaguggenheimbilbao.com\/fr\/aviso-legal\/\" target=\"_blank\" rel=\"noopener\">ANNULER<\/a><\/strong><\/span> votre table sans frais jusqu&rsquo;\u00e0 <strong>24 heures<\/strong> avant la date de votre r\u00e9servation.<br \/>\nSi vous ne vous pr\u00e9sentez pas au restaurant ou si vous annulez votre r\u00e9servation apr\u00e8s 24 heures, <strong>la carte de cr\u00e9dit\/d\u00e9bit que vous avez fournie sera d\u00e9bit\u00e9e de 50 \u20ac par personne.<\/strong><\/p>\n<\/div><div class=\"fusion-clearfix\"><\/div><\/div><\/div><div class=\"fusion-layout-column fusion_builder_column fusion-builder-column-2 fusion_builder_column_1_4 1_4 fusion-one-fourth\" style=\"--awb-bg-size:cover;width:22%; margin-right: 4%;\"><div class=\"fusion-column-wrapper fusion-flex-column-wrapper-legacy\"><div class=\"fusion-text fusion-text-2\"><p style=\"text-align: justify;\"><span style=\"font-family: 'Century Gothic BRegular'; font-size: 14pt;\">Horaire de la cuisine<\/span><\/p>\n<p style=\"text-align: justify;\"><strong>Mardi, mercredi et dimanche: <\/strong>13h00 &#8211; 14h30<br \/>\n<strong>Jeudi, vendredi et samedi:<\/strong> 13h00 &#8211; 14h30 \/ 20h00 &#8211; 21h00<br \/>\n<strong>Lundi ferm\u00e9<\/strong><\/p>\n<p><span style=\"color: #2e7c5d;\"><strong>Ouvert du 15 juin au 27 septembre tous les jours midi et soir.<\/strong><\/span><\/p>\n<article class=\"text-token-text-primary w-full focus:outline-none scroll-mt-&#091;calc(var(--header-height)+min(200px,max(70px,20svh)))&#093;\" dir=\"auto\" tabindex=\"-1\" data-turn-id=\"request-WEB:cbf663f4-03b8-47d7-a26b-65b021082c69-2\" data-testid=\"conversation-turn-6\" data-scroll-anchor=\"true\" data-turn=\"assistant\">\n<div class=\"text-base my-auto mx-auto pb-10 &#091;--thread-content-margin:--spacing(4)&#093; thread-sm:&#091;--thread-content-margin:--spacing(6)&#093; thread-lg:&#091;--thread-content-margin:--spacing(16)&#093; px-(--thread-content-margin)\">\n<div class=\"&#091;--thread-content-max-width:40rem&#093; thread-lg:&#091;--thread-content-max-width:48rem&#093; mx-auto max-w-(--thread-content-max-width) flex-1 group\/turn-messages focus-visible:outline-hidden relative flex w-full min-w-0 flex-col agent-turn\" tabindex=\"-1\">\n<div class=\"flex min-h-&#091;46px&#093; justify-start\">\n<article class=\"text-token-text-primary w-full focus:outline-none &#091;--shadow-height:45px&#093; has-data-writing-block:pointer-events-none has-data-writing-block:-mt-(--shadow-height) has-data-writing-block:pt-(--shadow-height) &#091;&amp;:has(&#091;data-writing-block&#093;)&gt;*&#093;:pointer-events-auto scroll-mt-&#091;calc(var(--header-height)+min(200px,max(70px,20svh)))&#093;\" dir=\"auto\" tabindex=\"-1\" data-turn-id=\"request-WEB:e410efde-3f77-42c2-b822-632773612caf-2\" data-testid=\"conversation-turn-6\" data-scroll-anchor=\"false\" data-turn=\"assistant\">\n<div class=\"text-base my-auto mx-auto &#091;--thread-content-margin:--spacing(4)&#093; @w-sm\/main:&#091;--thread-content-margin:--spacing(6)&#093; @w-lg\/main:&#091;--thread-content-margin:--spacing(16)&#093; px-(--thread-content-margin)\">\n<div class=\"&#091;--thread-content-max-width:40rem&#093; @w-lg\/main:&#091;--thread-content-max-width:48rem&#093; mx-auto max-w-(--thread-content-max-width) flex-1 group\/turn-messages focus-visible:outline-hidden relative flex w-full min-w-0 flex-col agent-turn\" tabindex=\"-1\">\n<div class=\"z-0 flex min-h-&#091;46px&#093; justify-start\"><\/div>\n<\/div>\n<\/div>\n<\/article>\n<article class=\"text-token-text-primary w-full focus:outline-none &#091;--shadow-height:45px&#093; has-data-writing-block:pointer-events-none has-data-writing-block:-mt-(--shadow-height) has-data-writing-block:pt-(--shadow-height) &#091;&amp;:has(&#091;data-writing-block&#093;)&gt;*&#093;:pointer-events-auto scroll-mt-(--header-height)\" dir=\"auto\" tabindex=\"-1\" data-turn-id=\"7dcae130-4dfb-477b-a16f-7554347fda32\" data-testid=\"conversation-turn-7\" data-scroll-anchor=\"false\" data-turn=\"user\"><\/article>\n<\/div>\n<div class=\"mt-3 w-full empty:hidden\">\n<div class=\"text-center\"><\/div>\n<\/div>\n<\/div>\n<\/div>\n<\/article>\n<div class=\"pointer-events-none h-px w-px\" aria-hidden=\"true\" data-edge=\"true\"><\/div>\n<\/div><div class=\"fusion-builder-row fusion-builder-row-inner fusion-row\"><div class=\"fusion-layout-column fusion_builder_column_inner fusion-builder-nested-column-0 fusion_builder_column_inner_1_2 1_2 fusion-one-half fusion-column-first\" style=\"--awb-bg-size:cover;width:50%;width:calc(50% - ( ( 4% ) * 0.5 ) );margin-right: 4%;\"><div class=\"fusion-column-wrapper fusion-column-has-shadow fusion-flex-column-wrapper-legacy\"><div class=\"fusion-image-element in-legacy-container\" style=\"--awb-caption-title-font-family:var(--h2_typography-font-family);--awb-caption-title-font-weight:var(--h2_typography-font-weight);--awb-caption-title-font-style:var(--h2_typography-font-style);--awb-caption-title-size:var(--h2_typography-font-size);--awb-caption-title-transform:var(--h2_typography-text-transform);--awb-caption-title-line-height:var(--h2_typography-line-height);--awb-caption-title-letter-spacing:var(--h2_typography-letter-spacing);\"><span class=\" fusion-imageframe imageframe-none imageframe-1 hover-type-none\"><img decoding=\"async\" width=\"300\" height=\"199\" title=\"michelin-2026-\" src=\"https:\/\/www.neruaguggenheimbilbao.com\/wp-content\/uploads\/2026\/01\/michelin-2026-.png\" alt class=\"img-responsive wp-image-22870\" srcset=\"https:\/\/www.neruaguggenheimbilbao.com\/wp-content\/uploads\/2026\/01\/michelin-2026--200x133.png 200w, https:\/\/www.neruaguggenheimbilbao.com\/wp-content\/uploads\/2026\/01\/michelin-2026-.png 300w\" sizes=\"(max-width: 800px) 100vw, 300px\" \/><\/span><\/div><div class=\"fusion-clearfix\"><\/div><\/div><\/div><div class=\"fusion-layout-column fusion_builder_column_inner fusion-builder-nested-column-1 fusion_builder_column_inner_1_2 1_2 fusion-one-half fusion-column-last\" style=\"--awb-bg-size:cover;width:50%;width:calc(50% - ( ( 4% ) * 0.5 ) );\"><div class=\"fusion-column-wrapper fusion-column-has-shadow fusion-flex-column-wrapper-legacy\"><div class=\"fusion-image-element in-legacy-container\" style=\"--awb-caption-title-font-family:var(--h2_typography-font-family);--awb-caption-title-font-weight:var(--h2_typography-font-weight);--awb-caption-title-font-style:var(--h2_typography-font-style);--awb-caption-title-size:var(--h2_typography-font-size);--awb-caption-title-transform:var(--h2_typography-text-transform);--awb-caption-title-line-height:var(--h2_typography-line-height);--awb-caption-title-letter-spacing:var(--h2_typography-letter-spacing);\"><span class=\" fusion-imageframe imageframe-none imageframe-2 hover-type-none\"><img decoding=\"async\" width=\"150\" height=\"150\" title=\"NERUA REPSOL\" src=\"https:\/\/www.neruaguggenheimbilbao.com\/wp-content\/uploads\/2025\/04\/NERUA-REPSOL-150x150.png\" alt class=\"img-responsive wp-image-22809\" srcset=\"https:\/\/www.neruaguggenheimbilbao.com\/wp-content\/uploads\/2025\/04\/NERUA-REPSOL-200x200.png 200w, https:\/\/www.neruaguggenheimbilbao.com\/wp-content\/uploads\/2025\/04\/NERUA-REPSOL-400x400.png 400w, https:\/\/www.neruaguggenheimbilbao.com\/wp-content\/uploads\/2025\/04\/NERUA-REPSOL-600x600.png 600w, https:\/\/www.neruaguggenheimbilbao.com\/wp-content\/uploads\/2025\/04\/NERUA-REPSOL.png 653w\" sizes=\"(max-width: 800px) 100vw, 600px\" \/><\/span><\/div><div class=\"fusion-clearfix\"><\/div><\/div><\/div><\/div><div class=\"fusion-clearfix\"><\/div><\/div><\/div><\/div><\/div><div class=\"fusion-fullwidth fullwidth-box fusion-builder-row-2 hundred-percent-fullwidth non-hundred-percent-height-scrolling\" style=\"--awb-border-radius-top-left:0px;--awb-border-radius-top-right:0px;--awb-border-radius-bottom-right:0px;--awb-border-radius-bottom-left:0px;--awb-overflow:visible;--awb-padding-right:20px;--awb-padding-left:20px;--awb-flex-wrap:wrap;\" ><div class=\"fusion-builder-row fusion-row\"><div class=\"fusion-layout-column fusion_builder_column fusion-builder-column-3 fusion_builder_column_1_1 1_1 fusion-one-full fusion-column-first fusion-column-last fusion-column-no-min-height\" style=\"--awb-bg-size:cover;--awb-margin-top:0px;--awb-margin-bottom:0px;\"><div class=\"fusion-column-wrapper fusion-flex-column-wrapper-legacy\"><iframe \n        width=\"100%\" \n        height=\"300\" \n        frameborder=\"0\" \n        scrolling=\"no\" \n        marginheight=\"0\" \n        marginwidth=\"0\" \n        src=\"https:\/\/maps.google.com\/maps?width=100%25&height=300&hl=en&q=Nerua%20Guggenheim%20Bilbao+(Nerua%20Guggenheim%20Bilbao)&t=&z=16&ie=UTF8&iwloc=B&output=embed\">\n<\/iframe><div class=\"fusion-clearfix\"><\/div><\/div><\/div><\/div><\/div><div class=\"fusion-fullwidth fullwidth-box fusion-builder-row-3 nonhundred-percent-fullwidth non-hundred-percent-height-scrolling\" style=\"--awb-background-position:left top;--awb-border-sizes-top:0px;--awb-border-sizes-bottom:0px;--awb-border-sizes-left:0px;--awb-border-sizes-right:0px;--awb-border-radius-top-left:0px;--awb-border-radius-top-right:0px;--awb-border-radius-bottom-right:0px;--awb-border-radius-bottom-left:0px;--awb-padding-right:30px;--awb-padding-left:30px;--awb-flex-wrap:wrap;\" ><div class=\"fusion-builder-row fusion-row\"><div class=\"fusion-layout-column fusion_builder_column fusion-builder-column-4 fusion_builder_column_1_3 1_3 fusion-one-third fusion-column-first\" style=\"--awb-bg-size:cover;width:30.6666%; margin-right: 4%;\"><div class=\"fusion-column-wrapper fusion-flex-column-wrapper-legacy\"><div class=\"fusion-sep-clear\"><\/div><div class=\"fusion-separator fusion-full-width-sep\" style=\"margin-left: auto;margin-right: auto;margin-bottom:10px;width:100%;\"><\/div><div class=\"fusion-sep-clear\"><\/div><div class=\"fusion-button-wrapper\"><a class=\"fusion-button button-flat button-small button-custom fusion-button-default button-1 fusion-button-default-span \" style=\"--button_accent_color:#ffffff;--button_accent_hover_color:#ffffff;--button_border_hover_color:#ffffff;--button_border_width-top:0px;--button_border_width-right:0px;--button_border_width-bottom:0px;--button_border_width-left:0px;--button-border-radius-top-left:0px;--button-border-radius-top-right:0px;--button-border-radius-bottom-right:0px;--button-border-radius-bottom-left:0px;--button_gradient_top_color:#cccccc;--button_gradient_bottom_color:#cccccc;--button_gradient_top_color_hover:#00675b;--button_gradient_bottom_color_hover:#00675b;\" target=\"_blank\" rel=\"noopener noreferrer\" href=\"https:\/\/goo.gl\/maps\/96G6MEKhqa72\"><span class=\"fusion-button-text awb-button__text awb-button__text--default\">VOIR EN GOOGLE MAPS<\/span><\/a><\/div><div class=\"fusion-sep-clear\"><\/div><div class=\"fusion-separator fusion-full-width-sep\" style=\"margin-left: auto;margin-right: auto;margin-bottom:20px;width:100%;\"><\/div><div class=\"fusion-sep-clear\"><\/div><div class=\"fusion-text fusion-text-3\"><p style=\"text-align: justify;\">Cliquez ici pour voir l&#8217;emplacement exact de Nerua et directions \u00e0 partir de votre emplacement.<\/p>\n<\/div><div class=\"fusion-clearfix\"><\/div><\/div><\/div><div class=\"fusion-layout-column fusion_builder_column fusion-builder-column-5 fusion_builder_column_2_5 2_5 fusion-two-fifth\" style=\"--awb-bg-size:cover;width:37.6%; margin-right: 4%;\"><div class=\"fusion-column-wrapper fusion-flex-column-wrapper-legacy\"><div class=\"accordian fusion-accordian\" style=\"--awb-border-size:1px;--awb-icon-size:13px;--awb-content-font-size:13px;--awb-icon-alignment:left;--awb-hover-color:#f9f9f9;--awb-border-color:#cccccc;--awb-background-color:#ffffff;--awb-divider-color:#e0dede;--awb-divider-hover-color:#e0dede;--awb-icon-color:#ffffff;--awb-title-color:#333333;--awb-content-color:#747474;--awb-icon-box-color:#333333;--awb-toggle-hover-accent-color:#000000;--awb-title-font-family:&quot;Antic Slab&quot;;--awb-title-font-weight:regular;--awb-title-font-style:normal;--awb-title-font-size:13px;--awb-content-font-family:&quot;Century Gotic Regular&quot;;--awb-content-font-style:normal;--awb-content-font-weight:400;\"><div class=\"panel-group fusion-toggle-icon-boxed\" id=\"accordion-14514-1\"><div class=\"fusion-panel panel-default panel-19112eecab0d7d2e0 fusion-toggle-has-divider\"><div class=\"panel-heading\"><h4 class=\"panel-title toggle\" id=\"toggle_19112eecab0d7d2e0\"><a aria-expanded=\"false\" aria-controls=\"19112eecab0d7d2e0\" role=\"button\" data-toggle=\"collapse\" data-parent=\"#accordion-14514-1\" data-target=\"#19112eecab0d7d2e0\" href=\"#19112eecab0d7d2e0\"><span class=\"fusion-toggle-icon-wrapper\" aria-hidden=\"true\"><i class=\"fa-fusion-box active-icon awb-icon-minus\" aria-hidden=\"true\"><\/i><i class=\"fa-fusion-box inactive-icon awb-icon-plus\" aria-hidden=\"true\"><\/i><\/span><span class=\"fusion-toggle-heading\">comment arriver<\/span><\/a><\/h4><\/div><div id=\"19112eecab0d7d2e0\" class=\"panel-collapse collapse \" aria-labelledby=\"toggle_19112eecab0d7d2e0\"><div class=\"panel-body toggle-content fusion-clearfix\"><div class=\"fusion-video fusion-vimeo\" style=\"--awb-max-width:600px;--awb-max-height:350px;\"><div class=\"video-shortcode\"><div class=\"fluid-width-video-wrapper\" style=\"padding-top:58.33%;\" ><iframe title=\"Vimeo video player 1\" src=\"https:\/\/player.vimeo.com\/video\/29962396?autoplay=0&amp;autopause=0\" width=\"600\" height=\"350\" allowfullscreen allow=\"autoplay; fullscreen\"><\/iframe><\/div><\/div><\/div><\/div><\/div><\/div><\/div><\/div><div class=\"fusion-clearfix\"><\/div><\/div><\/div><div class=\"fusion-layout-column fusion_builder_column fusion-builder-column-6 fusion_builder_column_1_5 1_5 fusion-one-fifth\" style=\"--awb-bg-size:cover;width:16.8%; margin-right: 4%;\"><div class=\"fusion-column-wrapper fusion-flex-column-wrapper-legacy\"><div class=\"fusion-text fusion-text-4\"><p style=\"text-align: justify;\">* \u00c0 c\u00f4t\u00e9 de la sculpture de l&rsquo;araign\u00e9e &lsquo;Mama&rsquo;, le travail de l&rsquo;artiste Louise Bourgeois.<\/p>\n<p style=\"text-align: justify;\">Nous poss\u00e9dons notre propre parking. R\u00e9servez votre place \u00e0 l&rsquo;avance.<\/p>\n<\/div><div class=\"fusion-clearfix\"><\/div><\/div><\/div><\/div><\/div><div class=\"fusion-fullwidth fullwidth-box fusion-builder-row-4 hundred-percent-fullwidth non-hundred-percent-height-scrolling\" style=\"--awb-border-radius-top-left:0px;--awb-border-radius-top-right:0px;--awb-border-radius-bottom-right:0px;--awb-border-radius-bottom-left:0px;--awb-overflow:visible;--awb-padding-right:20px;--awb-padding-left:20px;--awb-margin-bottom:50px;--awb-background-color:rgba(255,255,255,0);--awb-flex-wrap:wrap;\" ><div class=\"fusion-builder-row fusion-row\"><div class=\"fusion-layout-column fusion_builder_column fusion-builder-column-7 fusion_builder_column_1_1 1_1 fusion-one-full fusion-column-first fusion-column-last fusion-column-no-min-height\" style=\"--awb-bg-size:cover;--awb-margin-top:0px;--awb-margin-bottom:0px;\"><div class=\"fusion-column-wrapper fusion-flex-column-wrapper-legacy\"><div class=\"fusion-sep-clear\"><\/div><div class=\"fusion-separator fusion-full-width-sep\" style=\"margin-left: auto;margin-right: auto;width:100%;\"><\/div><div class=\"fusion-sep-clear\"><\/div><div class=\"fusion-clearfix\"><\/div><\/div><\/div><\/div><\/div><\/p>\n","protected":false},"excerpt":{"rendered":"","protected":false},"author":4,"featured_media":0,"parent":0,"menu_order":0,"comment_status":"open","ping_status":"closed","template":"100-width.php","meta":{"_acf_changed":false,"footnotes":""},"class_list":["post-14514","page","type-page","status-publish","hentry"],"acf":[],"_links":{"self":[{"href":"https:\/\/www.neruaguggenheimbilbao.com\/fr\/wp-json\/wp\/v2\/pages\/14514","targetHints":{"allow":["GET"]}}],"collection":[{"href":"https:\/\/www.neruaguggenheimbilbao.com\/fr\/wp-json\/wp\/v2\/pages"}],"about":[{"href":"https:\/\/www.neruaguggenheimbilbao.com\/fr\/wp-json\/wp\/v2\/types\/page"}],"author":[{"embeddable":true,"href":"https:\/\/www.neruaguggenheimbilbao.com\/fr\/wp-json\/wp\/v2\/users\/4"}],"replies":[{"embeddable":true,"href":"https:\/\/www.neruaguggenheimbilbao.com\/fr\/wp-json\/wp\/v2\/comments?post=14514"}],"version-history":[{"count":0,"href":"https:\/\/www.neruaguggenheimbilbao.com\/fr\/wp-json\/wp\/v2\/pages\/14514\/revisions"}],"wp:attachment":[{"href":"https:\/\/www.neruaguggenheimbilbao.com\/fr\/wp-json\/wp\/v2\/media?parent=14514"}],"curies":[{"name":"wp","href":"https:\/\/api.w.org\/{rel}","templated":true}]}}