{"id":22649,"date":"2024-07-12T09:43:29","date_gmt":"2024-07-12T08:43:29","guid":{"rendered":"https:\/\/www.neruaguggenheimbilbao.com\/?page_id=22649"},"modified":"2026-03-23T10:42:27","modified_gmt":"2026-03-23T09:42:27","slug":"table-cuisine","status":"publish","type":"page","link":"https:\/\/www.neruaguggenheimbilbao.com\/fr\/table-cuisine\/","title":{"rendered":"Table de la cuisine"},"content":{"rendered":"<p><div class=\"fusion-fullwidth fullwidth-box fusion-builder-row-1 nonhundred-percent-fullwidth non-hundred-percent-height-scrolling\" style=\"--awb-background-position:left top;--awb-border-sizes-top:0px;--awb-border-sizes-bottom:0px;--awb-border-sizes-left:0px;--awb-border-sizes-right:0px;--awb-border-radius-top-left:0px;--awb-border-radius-top-right:0px;--awb-border-radius-bottom-right:0px;--awb-border-radius-bottom-left:0px;--awb-padding-right:0px;--awb-padding-bottom:40px;--awb-padding-left:0px;--awb-flex-wrap:wrap;\" ><div class=\"fusion-builder-row fusion-row\"><div class=\"fusion-layout-column fusion_builder_column fusion-builder-column-0 fusion_builder_column_1_1 1_1 fusion-one-full fusion-column-first fusion-column-last fusion-column-no-min-height\" style=\"--awb-bg-blend:overlay;--awb-bg-size:cover;--awb-margin-top:0px;--awb-margin-bottom:0px;\"><div class=\"fusion-column-wrapper fusion-flex-column-wrapper-legacy\"><div class=\"fusion-text fusion-text-1\"><p style=\"text-align: center;\"><span style=\"font-size: 14pt;\">TABLE DE LA CUISINE<\/span><\/p>\n<\/div><div class=\"fusion-clearfix\"><\/div><\/div><\/div><div class=\"fusion-layout-column fusion_builder_column fusion-builder-column-1 fusion_builder_column_1_1 1_1 fusion-one-full fusion-column-first fusion-column-last\" style=\"--awb-bg-size:cover;\"><div class=\"fusion-column-wrapper fusion-column-has-shadow fusion-flex-column-wrapper-legacy\"><div class=\"fusion-column-content-centered\"><div class=\"fusion-column-content\"><div class=\"fusion-text fusion-text-2\" style=\"--awb-margin-right:20px;--awb-margin-left:20px;\"><p style=\"text-align: center;\">La Table de la Cuisine de Nerua est un lieu synonyme de magie, le centre de toute l&rsquo;action, qui offre une vue privil\u00e9gi\u00e9e sur tout ce qui se passe dans notre cuisine.<\/p>\n<\/div><\/div><\/div><div class=\"fusion-clearfix\"><\/div><\/div><\/div><div class=\"fusion-layout-column fusion_builder_column fusion-builder-column-2 fusion_builder_column_1_1 1_1 fusion-one-full fusion-column-first fusion-column-last\" style=\"--awb-bg-size:cover;--awb-margin-top:0px;--awb-margin-bottom:0px;\" data-scroll-devices=\"small-visibility,medium-visibility,large-visibility\"><div class=\"fusion-column-wrapper fusion-column-has-shadow fusion-flex-column-wrapper-legacy\"><div class=\"fusion-image-element fusion-image-align-center in-legacy-container\" style=\"text-align:center;--awb-caption-title-font-family:var(--h2_typography-font-family);--awb-caption-title-font-weight:var(--h2_typography-font-weight);--awb-caption-title-font-style:var(--h2_typography-font-style);--awb-caption-title-size:var(--h2_typography-font-size);--awb-caption-title-transform:var(--h2_typography-text-transform);--awb-caption-title-line-height:var(--h2_typography-line-height);--awb-caption-title-letter-spacing:var(--h2_typography-letter-spacing);\"><div class=\"imageframe-align-center\"><span class=\" fusion-imageframe imageframe-none imageframe-1 hover-type-none\"><img decoding=\"async\" width=\"1200\" height=\"636\" title=\"Dise\u00f1o sin t\u00edtulo\" src=\"https:\/\/www.neruaguggenheimbilbao.com\/wp-content\/uploads\/2024\/07\/Diseno-sin-titulo.jpg\" alt class=\"img-responsive wp-image-22720\" srcset=\"https:\/\/www.neruaguggenheimbilbao.com\/wp-content\/uploads\/2024\/07\/Diseno-sin-titulo-200x106.jpg 200w, https:\/\/www.neruaguggenheimbilbao.com\/wp-content\/uploads\/2024\/07\/Diseno-sin-titulo-400x212.jpg 400w, https:\/\/www.neruaguggenheimbilbao.com\/wp-content\/uploads\/2024\/07\/Diseno-sin-titulo-600x318.jpg 600w, https:\/\/www.neruaguggenheimbilbao.com\/wp-content\/uploads\/2024\/07\/Diseno-sin-titulo-800x424.jpg 800w, https:\/\/www.neruaguggenheimbilbao.com\/wp-content\/uploads\/2024\/07\/Diseno-sin-titulo.jpg 1200w\" sizes=\"(max-width: 800px) 100vw, 1200px\" \/><\/span><\/div><\/div><div class=\"fusion-clearfix\"><\/div><\/div><\/div><\/div><\/div><div class=\"fusion-fullwidth fullwidth-box fusion-builder-row-2 fusion-flex-container has-pattern-background has-mask-background nonhundred-percent-fullwidth non-hundred-percent-height-scrolling\" style=\"--awb-border-radius-top-left:0px;--awb-border-radius-top-right:0px;--awb-border-radius-bottom-right:0px;--awb-border-radius-bottom-left:0px;--awb-flex-wrap:wrap;\" ><div class=\"fusion-builder-row fusion-row fusion-flex-align-items-flex-start fusion-flex-content-wrap\" style=\"max-width:1144px;margin-left: calc(-4% \/ 2 );margin-right: calc(-4% \/ 2 );\"><div class=\"fusion-layout-column fusion_builder_column fusion-builder-column-3 fusion_builder_column_1_1 1_1 fusion-flex-column\" style=\"--awb-bg-size:cover;--awb-width-large:100%;--awb-margin-top-large:50px;--awb-spacing-right-large:1.92%;--awb-margin-bottom-large:50px;--awb-spacing-left-large:1.92%;--awb-width-medium:100%;--awb-order-medium:0;--awb-spacing-right-medium:1.92%;--awb-spacing-left-medium:1.92%;--awb-width-small:100%;--awb-order-small:0;--awb-spacing-right-small:1.92%;--awb-spacing-left-small:1.92%;\"><div class=\"fusion-column-wrapper fusion-column-has-shadow fusion-flex-justify-content-flex-start fusion-content-layout-column\"><div class=\"fusion-text fusion-text-3\"><p style=\"text-align: center;\">Depuis cet excellent espace, vous pourrez voir comment les aliments sont peu \u00e0 peu transform\u00e9s en plats que vous savourerez quelques temps apr\u00e8s, en plus d\u2019interagir avec notre \u00e9quipe et d&rsquo;avoir un r\u00f4le actif dans le service. Ce lieu promet une exp\u00e9rience gastronomique unique pour les palais curieux et amateurs de la haute cuisine.<\/p>\n<\/div><\/div><\/div><\/div><\/div><div class=\"fusion-fullwidth fullwidth-box fusion-builder-row-3 fusion-flex-container has-pattern-background has-mask-background nonhundred-percent-fullwidth non-hundred-percent-height-scrolling\" style=\"--awb-border-radius-top-left:0px;--awb-border-radius-top-right:0px;--awb-border-radius-bottom-right:0px;--awb-border-radius-bottom-left:0px;--awb-flex-wrap:wrap;\" ><div class=\"fusion-builder-row fusion-row fusion-flex-align-items-flex-start fusion-flex-content-wrap\" style=\"max-width:1144px;margin-left: calc(-4% \/ 2 );margin-right: calc(-4% \/ 2 );\"><div class=\"fusion-layout-column fusion_builder_column fusion-builder-column-4 fusion_builder_column_1_2 1_2 fusion-flex-column\" style=\"--awb-bg-size:cover;--awb-width-large:50%;--awb-margin-top-large:50px;--awb-spacing-right-large:3.84%;--awb-margin-bottom-large:50px;--awb-spacing-left-large:3.84%;--awb-width-medium:100%;--awb-order-medium:0;--awb-spacing-right-medium:1.92%;--awb-spacing-left-medium:1.92%;--awb-width-small:100%;--awb-order-small:0;--awb-spacing-right-small:1.92%;--awb-spacing-left-small:1.92%;\"><div class=\"fusion-column-wrapper fusion-column-has-shadow fusion-flex-justify-content-flex-start fusion-content-layout-column\"><div class=\"fusion-text fusion-text-4\"><p style=\"text-align: left;\">Cette table est disponible pour 2 \u00e0 4 convives. Seul le <span style=\"color: #008080;\"><strong><a style=\"color: #008080;\" href=\"https:\/\/www.neruaguggenheimbilbao.com\/wp-content\/uploads\/2026\/03\/CARTA-NERUA-MENU-MESA-DE-LA-COCINA-MARZO-2026-FR.pdf\" target=\"_blank\" rel=\"noopener\">Menu Table de la Cuisine<\/a><\/strong><\/span> y sera servi. Il comprend certains de nos plats les plus caract\u00e9ristiques accompagn\u00e9s d&rsquo;autres cr\u00e9ations qui ne pourront \u00eatre d\u00e9gust\u00e9s que dans ce lieu sp\u00e9cial.<\/p>\n<\/div><div ><a class=\"fusion-button button-flat fusion-button-default-size button-default fusion-button-default button-1 fusion-button-default-span fusion-button-default-type\" target=\"_self\" href=\"https:\/\/www.neruaguggenheimbilbao.com\/fr\/reservations\/\"><span class=\"fusion-button-text awb-button__text awb-button__text--default\">R\u00c9SERVER<\/span><\/a><\/div><\/div><\/div><div class=\"fusion-layout-column fusion_builder_column fusion-builder-column-5 fusion_builder_column_1_2 1_2 fusion-flex-column\" style=\"--awb-bg-size:cover;--awb-width-large:50%;--awb-margin-top-large:50px;--awb-spacing-right-large:3.84%;--awb-margin-bottom-large:50px;--awb-spacing-left-large:3.84%;--awb-width-medium:100%;--awb-order-medium:0;--awb-spacing-right-medium:1.92%;--awb-spacing-left-medium:1.92%;--awb-width-small:100%;--awb-order-small:0;--awb-spacing-right-small:1.92%;--awb-spacing-left-small:1.92%;\"><div class=\"fusion-column-wrapper fusion-column-has-shadow fusion-flex-justify-content-flex-start fusion-content-layout-column\"><div class=\"fusion-image-element \" style=\"text-align:right;--awb-caption-title-font-family:var(--h2_typography-font-family);--awb-caption-title-font-weight:var(--h2_typography-font-weight);--awb-caption-title-font-style:var(--h2_typography-font-style);--awb-caption-title-size:var(--h2_typography-font-size);--awb-caption-title-transform:var(--h2_typography-text-transform);--awb-caption-title-line-height:var(--h2_typography-line-height);--awb-caption-title-letter-spacing:var(--h2_typography-letter-spacing);\"><span class=\" fusion-imageframe imageframe-none imageframe-2 hover-type-none\"><img decoding=\"async\" width=\"800\" height=\"1067\" title=\"DSCF2243\" src=\"https:\/\/www.neruaguggenheimbilbao.com\/wp-content\/uploads\/2024\/07\/DSCF2243.jpg\" alt class=\"img-responsive wp-image-22642\" srcset=\"https:\/\/www.neruaguggenheimbilbao.com\/wp-content\/uploads\/2024\/07\/DSCF2243-200x267.jpg 200w, https:\/\/www.neruaguggenheimbilbao.com\/wp-content\/uploads\/2024\/07\/DSCF2243-400x534.jpg 400w, https:\/\/www.neruaguggenheimbilbao.com\/wp-content\/uploads\/2024\/07\/DSCF2243-600x800.jpg 600w, https:\/\/www.neruaguggenheimbilbao.com\/wp-content\/uploads\/2024\/07\/DSCF2243.jpg 800w\" sizes=\"(max-width: 1024px) 100vw, (max-width: 640px) 100vw, 600px\" \/><\/span><\/div><\/div><\/div><\/div><\/div><\/p>\n","protected":false},"excerpt":{"rendered":"","protected":false},"author":5,"featured_media":0,"parent":0,"menu_order":0,"comment_status":"open","ping_status":"closed","template":"100-width.php","meta":{"_acf_changed":false,"footnotes":""},"class_list":["post-22649","page","type-page","status-publish","hentry"],"acf":[],"_links":{"self":[{"href":"https:\/\/www.neruaguggenheimbilbao.com\/fr\/wp-json\/wp\/v2\/pages\/22649","targetHints":{"allow":["GET"]}}],"collection":[{"href":"https:\/\/www.neruaguggenheimbilbao.com\/fr\/wp-json\/wp\/v2\/pages"}],"about":[{"href":"https:\/\/www.neruaguggenheimbilbao.com\/fr\/wp-json\/wp\/v2\/types\/page"}],"author":[{"embeddable":true,"href":"https:\/\/www.neruaguggenheimbilbao.com\/fr\/wp-json\/wp\/v2\/users\/5"}],"replies":[{"embeddable":true,"href":"https:\/\/www.neruaguggenheimbilbao.com\/fr\/wp-json\/wp\/v2\/comments?post=22649"}],"version-history":[{"count":0,"href":"https:\/\/www.neruaguggenheimbilbao.com\/fr\/wp-json\/wp\/v2\/pages\/22649\/revisions"}],"wp:attachment":[{"href":"https:\/\/www.neruaguggenheimbilbao.com\/fr\/wp-json\/wp\/v2\/media?parent=22649"}],"curies":[{"name":"wp","href":"https:\/\/api.w.org\/{rel}","templated":true}]}}